{"id":4,"date":"2016-02-12T07:54:41","date_gmt":"2016-02-12T07:54:41","guid":{"rendered":"http:\/\/demos.famethemes.com\/onepress\/?page_id=4"},"modified":"2020-02-07T09:30:24","modified_gmt":"2020-02-07T08:30:24","slug":"home","status":"publish","type":"page","link":"https:\/\/hoscon.de\/","title":{"rendered":"Home"},"content":{"rendered":"<div id=\"pl-4\"  class=\"panel-layout\" ><div id=\"pg-4-0\"  class=\"panel-grid panel-has-style\" ><div class=\"so-parallax siteorigin-panels-stretch panel-row-style panel-row-style-for-4-0\" data-stretch-type=\"full\" ><img width=\"1187\" height=\"669\" src=\"https:\/\/hoscon.de\/wp-content\/uploads\/2016\/02\/photo-1504941319307-771ebfa02a51.jpg\" class=\"attachment-full size-full\" alt=\"\" decoding=\"async\" loading=\"eager\" data-siteorigin-parallax=\"true\" srcset=\"https:\/\/hoscon.de\/wp-content\/uploads\/2016\/02\/photo-1504941319307-771ebfa02a51.jpg 1187w, https:\/\/hoscon.de\/wp-content\/uploads\/2016\/02\/photo-1504941319307-771ebfa02a51-300x169.jpg 300w, https:\/\/hoscon.de\/wp-content\/uploads\/2016\/02\/photo-1504941319307-771ebfa02a51-768x433.jpg 768w, https:\/\/hoscon.de\/wp-content\/uploads\/2016\/02\/photo-1504941319307-771ebfa02a51-1024x577.jpg 1024w\" sizes=\"(max-width: 1187px) 100vw, 1187px\" \/><div id=\"pgc-4-0-0\"  class=\"panel-grid-cell\" ><div id=\"panel-4-0-0-0\" class=\"so-panel widget widget_black-studio-tinymce widget_black_studio_tinymce panel-first-child panel-last-child\" data-index=\"0\" ><div class=\"textwidget\"><p><span class=\"\" style=\"display:block;clear:both;height: 0px;padding-top: 300px;border-top-width:0px;border-bottom-width:0px;\"><\/span><\/p>\n<\/div><\/div><\/div><\/div><\/div><div id=\"pg-4-1\"  class=\"panel-grid panel-no-style\" ><div id=\"pgc-4-1-0\"  class=\"panel-grid-cell\" ><div id=\"panel-4-1-0-0\" class=\"so-panel widget widget_black-studio-tinymce widget_black_studio_tinymce panel-first-child panel-last-child\" data-index=\"1\" ><div class=\"textwidget\"><p style=\"text-align: center;\">Die <strong>HOSCON Engineering GmbH<\/strong> ist Ihr Spezialist f\u00fcr die <em>Automatisierungs-, Regelungs-<\/em> und <em>Prozessleittechnik<\/em>. Wir liefern kundenspezifische <em>elektrische Steuerungen<\/em> f\u00fcr die<em>\u00a0Automatisierungs-<\/em> und <em>Antriebstechnik<\/em> und erbringen als Ingenieurgesellschaft Dienstleistungen f\u00fcr unsere Kunden.<\/p>\n<p style=\"text-align: center;\"><a class=\"maxbutton-1 maxbutton maxbutton-mehr-erfahren\" title=\"Mehr erfahren\" href=\"index.php\/leistungen\"><span class='mb-text'>Leistungen<\/span><\/a><\/p>\n<\/div><\/div><\/div><div id=\"pgc-4-1-1\"  class=\"panel-grid-cell\" ><div id=\"panel-4-1-1-0\" class=\"so-panel widget widget_black-studio-tinymce widget_black_studio_tinymce panel-first-child panel-last-child\" data-index=\"2\" ><div class=\"textwidget\"><p style=\"text-align: center;\">Falls Ihnen noch etwas unklar ist und Sie noch weitere <strong>Fragen<\/strong> zu unseren Leistungen haben, melden Sie sich gerne bei uns. Sie k\u00f6nnen uns sowohl <strong>telefonisch<\/strong>\u00a0als auch per\u00a0<strong>E-Mail<\/strong> erreichen. Alle n\u00f6tigen Informationen haben wir hier f\u00fcr sie zur Verf\u00fcgung gestellt. Wir freuen uns auf Sie.<span class=\"\" style=\"display:block;clear:both;height: 0px;padding-top: 20px;border-top-width:0px;border-bottom-width:0px;\"><\/span><\/p>\n<p style=\"text-align: center;\"><a class=\"maxbutton-1 maxbutton maxbutton-mehr-erfahren\" title=\"Mehr erfahren\" href=\"index.php\/kontakt\/\"><span class='mb-text'>Kontakt<\/span><\/a><\/p>\n<\/div><\/div><\/div><\/div><\/div>","protected":false},"excerpt":{"rendered":"<p>Die HOSCON Engineering GmbH ist Ihr Spezialist f\u00fcr die Automatisierungs-, Regelungs- und Prozessleittechnik. Wir liefern kundenspezifische elektrische Steuerungen f\u00fcr die\u00a0Automatisierungs- und Antriebstechnik und erbringen als Ingenieurgesellschaft Dienstleistungen f\u00fcr unsere Kunden.<\/p>\n","protected":false},"author":1,"featured_media":0,"parent":0,"menu_order":0,"comment_status":"closed","ping_status":"closed","template":"template-fullwidth.php","meta":[],"_links":{"self":[{"href":"https:\/\/hoscon.de\/index.php\/wp-json\/wp\/v2\/pages\/4"}],"collection":[{"href":"https:\/\/hoscon.de\/index.php\/wp-json\/wp\/v2\/pages"}],"about":[{"href":"https:\/\/hoscon.de\/index.php\/wp-json\/wp\/v2\/types\/page"}],"author":[{"embeddable":true,"href":"https:\/\/hoscon.de\/index.php\/wp-json\/wp\/v2\/users\/1"}],"replies":[{"embeddable":true,"href":"https:\/\/hoscon.de\/index.php\/wp-json\/wp\/v2\/comments?post=4"}],"version-history":[{"count":84,"href":"https:\/\/hoscon.de\/index.php\/wp-json\/wp\/v2\/pages\/4\/revisions"}],"predecessor-version":[{"id":1614,"href":"https:\/\/hoscon.de\/index.php\/wp-json\/wp\/v2\/pages\/4\/revisions\/1614"}],"wp:attachment":[{"href":"https:\/\/hoscon.de\/index.php\/wp-json\/wp\/v2\/media?parent=4"}],"curies":[{"name":"wp","href":"https:\/\/api.w.org\/{rel}","templated":true}]}}